{"id":26880,"date":"2026-04-09T17:58:40","date_gmt":"2026-04-09T17:58:40","guid":{"rendered":"https:\/\/www.tentest.ee\/pop-up-telgid-2\/kuidas-valida-9\/"},"modified":"2026-04-28T22:23:52","modified_gmt":"2026-04-28T22:23:52","slug":"how-to-choose","status":"publish","type":"page","link":"https:\/\/www.tentest.ee\/en\/pop-up-tents\/how-to-choose\/","title":{"rendered":"Pop up tent selection guide &#8211; which model, size and equipment to choose?"},"content":{"rendered":"<h2>Which pop up tent model to choose?<\/h2>\n<p>The Scandipro 40 is the best value for money choice, the Scandipro 50 is the strongest frame for intensive use, the Scandipro 50 Magnesium is up to 32% lighter but stronger with a dark grey frame, the Scandipro Mini is suitable for compact transport and the Scandipro Ultra is a premium presentation trolley.<\/p>\n<table>\n<thead>\n<tr>\n<th>Feature<\/th>\n<th>Scandipro 40<\/th>\n<th>Scandipro 50<\/th>\n<th>Scandipro 50 Magnesium<\/th>\n<th>Scandipro Mini<\/th>\n<th>Scandipro Ultra<\/th>\n<\/tr>\n<\/thead>\n<tbody>\n<tr>\n<td>Frame<\/td>\n<td>40mm hexagonal aluminium<\/td>\n<td>50mm hexagonal aluminium<\/td>\n<td>50mm magnesium alloy, dark grey<\/td>\n<td>40mm 3-piece aluminium<\/td>\n<td>45\u00d745mm octagonal profile<\/td>\n<\/tr>\n<tr>\n<td>Weight<\/td>\n<td>Standard<\/td>\n<td>Standard<\/td>\n<td>Up to 32% lighter than Scandipro 50 aluminium<\/td>\n<td>Light<\/td>\n<td>Premium class<\/td>\n<\/tr>\n<tr>\n<td>Strength<\/td>\n<td>Very good<\/td>\n<td>Very good<\/td>\n<td>Stronger than Scandipro 50 with aluminium frame<\/td>\n<td>Good for<\/td>\n<td>Very good<\/td>\n<\/tr>\n<tr>\n<td>Installation time<\/td>\n<td>&lt;  5 min<\/td>\n<td>&lt;  5 min<\/td>\n<td>&lt;  5 min<\/td>\n<td>&lt;  5 min<\/td>\n<td>&lt;  5 min<\/td>\n<\/tr>\n<tr>\n<td>Eligibility<\/td>\n<td>Charges, events<\/td>\n<td>Everyday use<\/td>\n<td>Everyday professional use where weight is critical<\/td>\n<td>Compact transport<\/td>\n<td>Trade fairs, premium presentation<\/td>\n<\/tr>\n<\/tbody>\n<\/table>\n<h2>What size of pop up tent is suitable?<\/h2>\n<p>3\u00d73m is the standard size, which covers about 9m\u00b2 and can accommodate 1-2 ticketed stalls. For larger areas, choose 3\u00d74,5m, 3\u00d76m or 4\u00d74m. <\/p>\n<table>\n<thead>\n<tr>\n<th>Accessed from<\/th>\n<th>Recommended size<\/th>\n<th>Comment<\/th>\n<\/tr>\n<\/thead>\n<tbody>\n<tr>\n<td>Small stand<\/td>\n<td>2\u00d72m<\/td>\n<td>Compact, quick installation<\/td>\n<\/tr>\n<tr>\n<td>Standard point of sale<\/td>\n<td>3\u00d73m<\/td>\n<td>The most universal<\/td>\n<\/tr>\n<tr>\n<td>Wide sales area<\/td>\n<td>3\u00d74,5m \/ 3\u00d76m<\/td>\n<td>More working space and visibility<\/td>\n<\/tr>\n<tr>\n<td>Representation area<\/td>\n<td>4\u00d74m<\/td>\n<td>More space for customer service<\/td>\n<\/tr>\n<\/tbody>\n<\/table>\n<h2>Can a pop up tent be printed on?<\/h2>\n<p>Yes &#8211; all Scandipro pop up tents can be digitally and thermally printed with logos, messages and full surfaces.<\/p>\n<p>See services: <a href=\"\/teenused\/\">overprinting<\/a> and <a href=\"\/reklaamtelk\/\">advertising stamps<\/a>.<\/p>\n<h2>What accessories to take with you to the pop up tent?<\/h2>\n<p>The most practical accessories are walls, awning, stall, LED lighting and a rain gutter to connect multiple tents.<\/p>\n<table>\n<thead>\n<tr>\n<th>Additional equipment<\/th>\n<th>Why<\/th>\n<\/tr>\n<\/thead>\n<tbody>\n<tr>\n<td>Walls<\/td>\n<td>Wind and rain protection, privacy<\/td>\n<\/tr>\n<tr>\n<td>Marquis<\/td>\n<td>Shade zone extension<\/td>\n<\/tr>\n<tr>\n<td>For sale on<\/td>\n<td>Professional point of sale<\/td>\n<\/tr>\n<tr>\n<td>LED lighting<\/td>\n<td>Evening events<\/td>\n<\/tr>\n<tr>\n<td>Rain gutter and tent clamp<\/td>\n<td>Connecting several tents<\/td>\n<\/tr>\n<\/tbody>\n<\/table>\n","protected":false},"excerpt":{"rendered":"<p>Which pop up tent model to choose? The Scandipro 40 is the best value for money choice, the Scandipro 50 is the strongest frame for intensive use, the Scandipro 50 Magnesium is up to 32% lighter but stronger with a dark grey frame, the Scandipro Mini is suitable for compact transport and the Scandipro Ultra [&hellip;]<\/p>\n","protected":false},"author":2,"featured_media":0,"parent":15024,"menu_order":0,"comment_status":"closed","ping_status":"closed","template":"page-buyers-guide.php","meta":{"_acf_changed":false,"footnotes":""},"class_list":["post-26880","page","type-page","status-publish","hentry"],"acf":[],"yoast_head":"<!-- This site is optimized with the Yoast SEO plugin v26.8 - https:\/\/yoast.com\/product\/yoast-seo-wordpress\/ -->\n<title>Pop up tent selection guide - which model, size and equipment to choose? - Tentest Trade O\u00dc<\/title>\n<meta name=\"robots\" content=\"index, follow, max-snippet:-1, max-image-preview:large, max-video-preview:-1\" \/>\n<link rel=\"canonical\" href=\"https:\/\/www.tentest.ee\/en\/pop-up-tents\/how-to-choose\/\" \/>\n<meta property=\"og:locale\" content=\"en_US\" \/>\n<meta property=\"og:type\" content=\"article\" \/>\n<meta property=\"og:title\" content=\"Pop up tent selection guide - which model, size and equipment to choose? - Tentest Trade O\u00dc\" \/>\n<meta property=\"og:description\" content=\"Which pop up tent model to choose? The Scandipro 40 is the best value for money choice, the Scandipro 50 is the strongest frame for intensive use, the Scandipro 50 Magnesium is up to 32% lighter but stronger with a dark grey frame, the Scandipro Mini is suitable for compact transport and the Scandipro Ultra [&hellip;]\" \/>\n<meta property=\"og:url\" content=\"https:\/\/www.tentest.ee\/en\/pop-up-tents\/how-to-choose\/\" \/>\n<meta property=\"og:site_name\" content=\"Tentest Trade O\u00dc\" \/>\n<meta property=\"article:modified_time\" content=\"2026-04-28T22:23:52+00:00\" \/>\n<meta property=\"og:image\" content=\"https:\/\/www.tentest.ee\/wp-content\/uploads\/2023\/03\/pop-up-telgid-tentest-easy-up-telgid-1.jpg\" \/>\n\t<meta property=\"og:image:width\" content=\"1800\" \/>\n\t<meta property=\"og:image:height\" content=\"1013\" \/>\n\t<meta property=\"og:image:type\" content=\"image\/jpeg\" \/>\n<meta name=\"twitter:card\" content=\"summary_large_image\" \/>\n<meta name=\"twitter:label1\" content=\"Est. reading time\" \/>\n\t<meta name=\"twitter:data1\" content=\"2 minutes\" \/>\n<!-- \/ Yoast SEO plugin. -->","yoast_head_json":{"title":"Pop up tent selection guide - which model, size and equipment to choose? - Tentest Trade O\u00dc","robots":{"index":"index","follow":"follow","max-snippet":"max-snippet:-1","max-image-preview":"max-image-preview:large","max-video-preview":"max-video-preview:-1"},"canonical":"https:\/\/www.tentest.ee\/en\/pop-up-tents\/how-to-choose\/","og_locale":"en_US","og_type":"article","og_title":"Pop up tent selection guide - which model, size and equipment to choose? - Tentest Trade O\u00dc","og_description":"Which pop up tent model to choose? The Scandipro 40 is the best value for money choice, the Scandipro 50 is the strongest frame for intensive use, the Scandipro 50 Magnesium is up to 32% lighter but stronger with a dark grey frame, the Scandipro Mini is suitable for compact transport and the Scandipro Ultra [&hellip;]","og_url":"https:\/\/www.tentest.ee\/en\/pop-up-tents\/how-to-choose\/","og_site_name":"Tentest Trade O\u00dc","article_modified_time":"2026-04-28T22:23:52+00:00","og_image":[{"width":1800,"height":1013,"url":"https:\/\/www.tentest.ee\/wp-content\/uploads\/2023\/03\/pop-up-telgid-tentest-easy-up-telgid-1.jpg","type":"image\/jpeg"}],"twitter_card":"summary_large_image","twitter_misc":{"Est. reading time":"2 minutes"},"schema":{"@context":"https:\/\/schema.org","@graph":[{"@type":"WebPage","@id":"https:\/\/www.tentest.ee\/en\/pop-up-tents\/how-to-choose\/","url":"https:\/\/www.tentest.ee\/en\/pop-up-tents\/how-to-choose\/","name":"Pop up tent selection guide - which model, size and equipment to choose? - Tentest Trade O\u00dc","isPartOf":{"@id":"https:\/\/www.tentest.ee\/en\/#website"},"datePublished":"2026-04-09T17:58:40+00:00","dateModified":"2026-04-28T22:23:52+00:00","inLanguage":"en-US","potentialAction":[{"@type":"ReadAction","target":["https:\/\/www.tentest.ee\/en\/pop-up-tents\/how-to-choose\/"]}]},{"@type":"WebSite","@id":"https:\/\/www.tentest.ee\/en\/#website","url":"https:\/\/www.tentest.ee\/en\/","name":"Tentest Trade O\u00dc","description":"","publisher":{"@id":"https:\/\/www.tentest.ee\/en\/#organization"},"potentialAction":[{"@type":"SearchAction","target":{"@type":"EntryPoint","urlTemplate":"https:\/\/www.tentest.ee\/en\/?s={search_term_string}"},"query-input":{"@type":"PropertyValueSpecification","valueRequired":true,"valueName":"search_term_string"}}],"inLanguage":"en-US"},{"@type":"Organization","@id":"https:\/\/www.tentest.ee\/en\/#organization","name":"Tentest Trade O\u00dc","url":"https:\/\/www.tentest.ee\/en\/","logo":{"@type":"ImageObject","inLanguage":"en-US","@id":"https:\/\/www.tentest.ee\/en\/#\/schema\/logo\/image\/","url":"https:\/\/www.tentest.ee\/wp-content\/uploads\/2023\/02\/tentest-ikoon-512x512-hall.png","contentUrl":"https:\/\/www.tentest.ee\/wp-content\/uploads\/2023\/02\/tentest-ikoon-512x512-hall.png","width":512,"height":512,"caption":"Tentest Trade O\u00dc"},"image":{"@id":"https:\/\/www.tentest.ee\/en\/#\/schema\/logo\/image\/"}}]}},"_links":{"self":[{"href":"https:\/\/www.tentest.ee\/en\/wp-json\/wp\/v2\/pages\/26880","targetHints":{"allow":["GET"]}}],"collection":[{"href":"https:\/\/www.tentest.ee\/en\/wp-json\/wp\/v2\/pages"}],"about":[{"href":"https:\/\/www.tentest.ee\/en\/wp-json\/wp\/v2\/types\/page"}],"author":[{"embeddable":true,"href":"https:\/\/www.tentest.ee\/en\/wp-json\/wp\/v2\/users\/2"}],"replies":[{"embeddable":true,"href":"https:\/\/www.tentest.ee\/en\/wp-json\/wp\/v2\/comments?post=26880"}],"version-history":[{"count":1,"href":"https:\/\/www.tentest.ee\/en\/wp-json\/wp\/v2\/pages\/26880\/revisions"}],"predecessor-version":[{"id":27009,"href":"https:\/\/www.tentest.ee\/en\/wp-json\/wp\/v2\/pages\/26880\/revisions\/27009"}],"up":[{"embeddable":true,"href":"https:\/\/www.tentest.ee\/en\/wp-json\/wp\/v2\/media\/15024"}],"wp:attachment":[{"href":"https:\/\/www.tentest.ee\/en\/wp-json\/wp\/v2\/media?parent=26880"}],"curies":[{"name":"wp","href":"https:\/\/api.w.org\/{rel}","templated":true}]}}