{"id":11084,"date":"2023-03-02T15:53:26","date_gmt":"2023-03-02T15:53:26","guid":{"rendered":"https:\/\/www.tentest.ee\/pood\/uncategorized\/pop-up-tent-scandipro-40\/"},"modified":"2026-02-23T17:23:41","modified_gmt":"2026-02-23T17:23:41","slug":"pop-up-tent-scandipro-40","status":"publish","type":"product","link":"https:\/\/www.tentest.ee\/en\/pop-up-tents\/pop-up-tent-scandipro-40\/","title":{"rendered":"Pop Up tent Scandipro 40"},"content":{"rendered":"<p><strong>As an additional service, it is possible to print on the fabric of the tent.<\/strong><\/p>\n<p><strong>Frame<\/strong>: hexagonal reinforced structure anodized aluminum profile with a wall thickness of 2 mm, frame height adjustable<br \/>\n<strong>Frame joints<\/strong>: all joints are made of break- and stretch-resistant nylon alloy<br \/>\n<strong>Tent cover<\/strong>: fire-resistant and water- and UV-resistant polyester fabric with PU coating,<br \/>\n<strong>Carrying bag:<\/strong> bag with reinforced construction, wheels and carrying straps<br \/>\n<strong>Installation time:<\/strong> depends on the dimensions of the tent, but generally no more than five minutes<br \/>\n<strong>Accessories:<\/strong> various types of mesh walls, walls with windows, awning, counter, gutters, connecting clips and connecting strips for connecting multiple tents<\/p>\n<p><iframe loading=\"lazy\" title=\"YouTube video player\" src=\"https:\/\/www.youtube.com\/embed\/1BVHMv4TJNM?si=Nts3usm5AOiDaaEG\" width=\"560\" height=\"315\" frameborder=\"0\" allowfullscreen=\"allowfullscreen\"><\/iframe><\/p>\n","protected":false},"excerpt":{"rendered":"<ul>\n<li>A light and easy-to-set-up folding pop-up tent for<strong> outdoor events for traders, companies as a sales tent and for home users.<\/strong><\/li>\n<li>Frame, roof, 4 walls, set of mounting accessories and transport bag on wheels<\/li>\n<li>The frame of the tent is hexagonal aluminium 40mm diameter profile.<\/li>\n<li>The roof and walls of the tent are made of PVC-coated polyester fabric which is durable, non-flammable, water and UV resistant.<\/li>\n<\/ul>\n","protected":false},"featured_media":17727,"template":"","meta":[],"product_brand":[],"product_cat":[611,344],"product_tag":[],"class_list":{"0":"post-11084","1":"product","2":"type-product","3":"status-publish","4":"has-post-thumbnail","6":"product_cat-sales-tents","7":"product_cat-pop-up-tents","8":"wcpa_has_options","10":"first","11":"instock","12":"shipping-taxable","13":"purchasable","14":"product-type-variable","15":"has-default-attributes","16":"rtwpvg-product"},"yoast_head":"<!-- This site is optimized with the Yoast SEO plugin v26.8 - https:\/\/yoast.com\/product\/yoast-seo-wordpress\/ -->\n<title>Pop Up tent Scandipro 40 - High-quality tent at a reasonable price<\/title>\n<meta name=\"description\" content=\"If you are looking for a high-quality tent at a good price, choose Scandipro 40. With a strong frame, durable covers extend the life of the tent.\" \/>\n<meta name=\"robots\" content=\"index, follow, max-snippet:-1, max-image-preview:large, max-video-preview:-1\" \/>\n<link rel=\"canonical\" href=\"https:\/\/www.tentest.ee\/en\/pop-up-tents\/pop-up-tent-scandipro-40\/\" \/>\n<meta property=\"og:locale\" content=\"en_US\" \/>\n<meta property=\"og:type\" content=\"article\" \/>\n<meta property=\"og:title\" content=\"Pop Up tent Scandipro 40 - High-quality tent at a reasonable price\" \/>\n<meta property=\"og:description\" content=\"If you are looking for a high-quality tent at a good price, choose Scandipro 40. With a strong frame, durable covers extend the life of the tent.\" \/>\n<meta property=\"og:url\" content=\"https:\/\/www.tentest.ee\/en\/pop-up-tents\/pop-up-tent-scandipro-40\/\" \/>\n<meta property=\"og:site_name\" content=\"Tentest Trade O\u00dc\" \/>\n<meta property=\"article:modified_time\" content=\"2026-02-23T17:23:41+00:00\" \/>\n<meta property=\"og:image\" content=\"https:\/\/www.tentest.ee\/wp-content\/uploads\/2023\/03\/pop-up-telk-3x3-punane-1.jpg\" \/>\n\t<meta property=\"og:image:width\" content=\"800\" \/>\n\t<meta property=\"og:image:height\" content=\"800\" \/>\n\t<meta property=\"og:image:type\" content=\"image\/jpeg\" \/>\n<meta name=\"twitter:card\" content=\"summary_large_image\" \/>\n<meta name=\"twitter:label1\" content=\"Est. reading time\" \/>\n\t<meta name=\"twitter:data1\" content=\"1 minute\" \/>\n<!-- \/ Yoast SEO plugin. -->","yoast_head_json":{"title":"Pop Up tent Scandipro 40 - High-quality tent at a reasonable price","description":"If you are looking for a high-quality tent at a good price, choose Scandipro 40. With a strong frame, durable covers extend the life of the tent.","robots":{"index":"index","follow":"follow","max-snippet":"max-snippet:-1","max-image-preview":"max-image-preview:large","max-video-preview":"max-video-preview:-1"},"canonical":"https:\/\/www.tentest.ee\/en\/pop-up-tents\/pop-up-tent-scandipro-40\/","og_locale":"en_US","og_type":"article","og_title":"Pop Up tent Scandipro 40 - High-quality tent at a reasonable price","og_description":"If you are looking for a high-quality tent at a good price, choose Scandipro 40. With a strong frame, durable covers extend the life of the tent.","og_url":"https:\/\/www.tentest.ee\/en\/pop-up-tents\/pop-up-tent-scandipro-40\/","og_site_name":"Tentest Trade O\u00dc","article_modified_time":"2026-02-23T17:23:41+00:00","og_image":[{"width":800,"height":800,"url":"https:\/\/www.tentest.ee\/wp-content\/uploads\/2023\/03\/pop-up-telk-3x3-punane-1.jpg","type":"image\/jpeg"}],"twitter_card":"summary_large_image","twitter_misc":{"Est. reading time":"1 minute"},"schema":{"@context":"https:\/\/schema.org","@graph":[{"@type":"WebPage","@id":"https:\/\/www.tentest.ee\/en\/pop-up-tents\/pop-up-tent-scandipro-40\/","url":"https:\/\/www.tentest.ee\/en\/pop-up-tents\/pop-up-tent-scandipro-40\/","name":"Pop Up tent Scandipro 40 - High-quality tent at a reasonable price","isPartOf":{"@id":"https:\/\/www.tentest.ee\/en\/#website"},"primaryImageOfPage":{"@id":"https:\/\/www.tentest.ee\/en\/pop-up-tents\/pop-up-tent-scandipro-40\/#primaryimage"},"image":{"@id":"https:\/\/www.tentest.ee\/en\/pop-up-tents\/pop-up-tent-scandipro-40\/#primaryimage"},"thumbnailUrl":"https:\/\/www.tentest.ee\/wp-content\/uploads\/2023\/03\/pop-up-telk-3x3-punane-1.jpg","datePublished":"2023-03-02T15:53:26+00:00","dateModified":"2026-02-23T17:23:41+00:00","description":"If you are looking for a high-quality tent at a good price, choose Scandipro 40. With a strong frame, durable covers extend the life of the tent.","breadcrumb":{"@id":"https:\/\/www.tentest.ee\/en\/pop-up-tents\/pop-up-tent-scandipro-40\/#breadcrumb"},"inLanguage":"en-US","potentialAction":[{"@type":"ReadAction","target":["https:\/\/www.tentest.ee\/en\/pop-up-tents\/pop-up-tent-scandipro-40\/"]}]},{"@type":"ImageObject","inLanguage":"en-US","@id":"https:\/\/www.tentest.ee\/en\/pop-up-tents\/pop-up-tent-scandipro-40\/#primaryimage","url":"https:\/\/www.tentest.ee\/wp-content\/uploads\/2023\/03\/pop-up-telk-3x3-punane-1.jpg","contentUrl":"https:\/\/www.tentest.ee\/wp-content\/uploads\/2023\/03\/pop-up-telk-3x3-punane-1.jpg","width":800,"height":800,"caption":"pop up telk 3x3 punane"},{"@type":"BreadcrumbList","@id":"https:\/\/www.tentest.ee\/en\/pop-up-tents\/pop-up-tent-scandipro-40\/#breadcrumb","itemListElement":[{"@type":"ListItem","position":1,"name":"Products","item":"https:\/\/www.tentest.ee\/products\/"},{"@type":"ListItem","position":2,"name":"Pop Up tent Scandipro 40"}]},{"@type":"WebSite","@id":"https:\/\/www.tentest.ee\/en\/#website","url":"https:\/\/www.tentest.ee\/en\/","name":"Tentest Trade O\u00dc","description":"","publisher":{"@id":"https:\/\/www.tentest.ee\/en\/#organization"},"potentialAction":[{"@type":"SearchAction","target":{"@type":"EntryPoint","urlTemplate":"https:\/\/www.tentest.ee\/en\/?s={search_term_string}"},"query-input":{"@type":"PropertyValueSpecification","valueRequired":true,"valueName":"search_term_string"}}],"inLanguage":"en-US"},{"@type":"Organization","@id":"https:\/\/www.tentest.ee\/en\/#organization","name":"Tentest Trade O\u00dc","url":"https:\/\/www.tentest.ee\/en\/","logo":{"@type":"ImageObject","inLanguage":"en-US","@id":"https:\/\/www.tentest.ee\/en\/#\/schema\/logo\/image\/","url":"https:\/\/www.tentest.ee\/wp-content\/uploads\/2023\/02\/tentest-ikoon-512x512-hall.png","contentUrl":"https:\/\/www.tentest.ee\/wp-content\/uploads\/2023\/02\/tentest-ikoon-512x512-hall.png","width":512,"height":512,"caption":"Tentest Trade O\u00dc"},"image":{"@id":"https:\/\/www.tentest.ee\/en\/#\/schema\/logo\/image\/"}}]}},"wcpa_form_fields":{"wcpaData":{"product":{"product_price":0,"original_product_price":0,"product_id":{"parent":11084,"variation":false},"is_variable":true,"stock_status":"instock","stock_quantity":null,"parent_sku":"","product_attributes":{"pa_moot":{"is_variation":true,"values":[]},"pa_standardvarvid":{"is_variation":true,"values":[]}},"custom_fields":[]},"fields":{"sec_764de755dc8e8d":{"extra":{"key":"sec_764de755dc8e8d","section_id":"sec_764de755dc8e8d","name":"Valige lisateenus","status":1,"cl_rule":"show","enableCl":false,"relations":[],"toggle":true,"title_tag":"h3","show_title":false,"showPrice":"default","form_id":15756,"form_rules":{"exclude_from_discount":false,"fee_label":"Fee","disp_hide_options_price":false,"disp_show_section_price":false,"disp_show_field_price":false,"layout_option":"standard","pric_use_as_fee":false,"process_fee_as":"woo_fee"},"layout_option":"standard"},"fields":[[{"active":true,"col":6,"relations":false,"cl_rule":"show","enableCl":false,"price":"","enablePrice":false,"className":"","label_position":"default","desc_position":"default","type":"checkbox-group","required":false,"elementId":"checkgroup_0161810114","label":"Choose services","name":"checkgroup_0161810114","values":[{"label":"Overprint on a roof","value":"Pealetr\u00fckk-katusele","selected":false,"tempId":"aco_225","gt_translate_keys":["label"]},{"label":"Overprint on a wall","value":"pealetr\u00fckk-seinale","selected":false,"tempId":"aco_226","gt_translate_keys":["label"]}],"layOut":"","error":false,"checkUi":"","gt_translate_keys":["label"],"price_dependency":false,"cl_dependency":false,"value":""}]]},"sec_g2kuq2o130":{"extra":{"key":"sec_g2kuq2o130","section_id":"sec_g2kuq2o130","name":"Lisavarustus","status":1,"cl_rule":"show","enableCl":false,"relations":[],"toggle":true,"title_tag":"h4","show_title":false,"showPrice":"default","form_id":15756,"form_rules":{"exclude_from_discount":false,"fee_label":"Fee","disp_hide_options_price":false,"disp_show_section_price":false,"disp_show_field_price":false,"layout_option":"standard","pric_use_as_fee":false,"process_fee_as":"woo_fee"},"layout_option":"standard"},"fields":[[{"active":true,"col":5,"relations":false,"cl_rule":"show","enableCl":false,"price":"","enablePrice":false,"className":"","label_position":"default","desc_position":"default","type":"image-group","required":false,"elementId":"image_7140401234","label":"Choose accessories","name":"image_7140401234","enable_popup":"no","multiple":true,"layOut":"col-3","img_selection_type":"outline","disp_type":"square","values":[{"label":"Battery-powered Lights set","value":"led valgusti komplekt","selected":false,"image":"https:\/\/www.tentest.ee\/wp-content\/uploads\/2025\/01\/led-valgusti.webp","thumb":"https:\/\/www.tentest.ee\/wp-content\/uploads\/2025\/01\/led-valgusti-500x500.webp","tempId":"aco_67","image_id":20510,"thumb_src":"https:\/\/www.tentest.ee\/wp-content\/uploads\/2025\/01\/led-valgusti-146x146.webp","gt_translate_keys":["label"]},{"label":"Foldable table 291x54cm","value":"Kokkupandav laud 291x54cm","selected":false,"image":"https:\/\/www.tentest.ee\/wp-content\/uploads\/2025\/01\/kokkupandav-laud-198x55cm.jpg","thumb":"https:\/\/www.tentest.ee\/wp-content\/uploads\/2025\/01\/kokkupandav-laud-198x55cm-500x500.jpg","tempId":"aco_27","image_id":20506,"thumb_src":"https:\/\/www.tentest.ee\/wp-content\/uploads\/2025\/01\/kokkupandav-laud-198x55cm-146x146.jpg","gt_translate_keys":["label"]},{"label":"Window wall","value":"aknaga-sein","selected":false,"image":"https:\/\/www.tentest.ee\/wp-content\/uploads\/2023\/04\/aknaga-sein-1.jpg","thumb":"https:\/\/www.tentest.ee\/wp-content\/uploads\/2023\/04\/aknaga-sein-1-150x150.jpg","tempId":"aco_2055","image_id":12225,"thumb_src":"https:\/\/www.tentest.ee\/wp-content\/uploads\/2023\/04\/aknaga-sein-1-146x146.jpg","gt_translate_keys":["label"]},{"label":"Transparent wall","value":"labipaistev sein","selected":false,"image":"https:\/\/www.tentest.ee\/wp-content\/uploads\/2023\/04\/labipaistev-sein-pop-up-telk.jpg","thumb":"https:\/\/www.tentest.ee\/wp-content\/uploads\/2023\/04\/labipaistev-sein-pop-up-telk-150x150.jpg","tempId":"aco_2056","image_id":12213,"thumb_src":"https:\/\/www.tentest.ee\/wp-content\/uploads\/2023\/04\/labipaistev-sein-pop-up-telk-146x146.jpg","gt_translate_keys":["label"]},{"label":"Awning","value":"markiis","selected":false,"image":"https:\/\/www.tentest.ee\/wp-content\/uploads\/2023\/08\/markiis-pop-up-telgile.jpg","thumb":"https:\/\/www.tentest.ee\/wp-content\/uploads\/2023\/08\/markiis-pop-up-telgile-500x500.jpg","tempId":"aco_2057","image_id":15685,"thumb_src":"https:\/\/www.tentest.ee\/wp-content\/uploads\/2023\/08\/markiis-pop-up-telgile-146x146.jpg","gt_translate_keys":["label"]},{"label":"Sandbag","value":"liivakott","selected":false,"image":"https:\/\/www.tentest.ee\/wp-content\/uploads\/2023\/04\/liivakott-raskuskott.jpg","thumb":"https:\/\/www.tentest.ee\/wp-content\/uploads\/2023\/04\/liivakott-raskuskott-150x150.jpg","tempId":"aco_2813","image_id":12205,"thumb_src":"https:\/\/www.tentest.ee\/wp-content\/uploads\/2023\/04\/liivakott-raskuskott-146x146.jpg","gt_translate_keys":["label"]},{"label":"Metal weight 15kg","value":"metall-raskus-15kg","selected":false,"image":"https:\/\/www.tentest.ee\/wp-content\/uploads\/2023\/04\/metallraskus.jpg","thumb":"https:\/\/www.tentest.ee\/wp-content\/uploads\/2023\/04\/metallraskus-150x150.jpg","tempId":"aco_3048","image_id":12230,"thumb_src":"https:\/\/www.tentest.ee\/wp-content\/uploads\/2023\/04\/metallraskus-146x146.jpg","gt_translate_keys":["label"]},{"label":"Metal weight 30kg","value":"metall-30kg","selected":false,"image":"https:\/\/www.tentest.ee\/wp-content\/uploads\/2023\/04\/metallraskus.jpg","thumb":"https:\/\/www.tentest.ee\/wp-content\/uploads\/2023\/04\/metallraskus-150x150.jpg","tempId":"aco_3582","image_id":12230,"thumb_src":"https:\/\/www.tentest.ee\/wp-content\/uploads\/2023\/04\/metallraskus-146x146.jpg","gt_translate_keys":["label"]},{"label":"LED lights","value":"led","selected":false,"image":"https:\/\/www.tentest.ee\/wp-content\/uploads\/2023\/04\/valgusriba-led-telgile.jpg","thumb":"https:\/\/www.tentest.ee\/wp-content\/uploads\/2023\/04\/valgusriba-led-telgile-150x150.jpg","tempId":"aco_3999","image_id":12237,"thumb_src":"https:\/\/www.tentest.ee\/wp-content\/uploads\/2023\/04\/valgusriba-led-telgile-146x146.jpg","gt_translate_keys":["label"]},{"label":"Flag clipper","value":"lipuklamber","selected":false,"image":"https:\/\/www.tentest.ee\/wp-content\/uploads\/2023\/04\/lipuklamber-kinnitus.jpg","thumb":"https:\/\/www.tentest.ee\/wp-content\/uploads\/2023\/04\/lipuklamber-kinnitus-150x150.jpg","tempId":"aco_4104","image_id":12247,"thumb_src":"https:\/\/www.tentest.ee\/wp-content\/uploads\/2023\/04\/lipuklamber-kinnitus-146x146.jpg","gt_translate_keys":["label"]},{"label":"Counter 3m","value":"m\u00fc\u00fcgilett","selected":false,"image":"https:\/\/www.tentest.ee\/wp-content\/uploads\/2023\/04\/muugilett.jpg","thumb":"https:\/\/www.tentest.ee\/wp-content\/uploads\/2023\/04\/muugilett-150x150.jpg","tempId":"aco_4404","image_id":12243,"thumb_src":"https:\/\/www.tentest.ee\/wp-content\/uploads\/2023\/04\/muugilett-146x146.jpg","gt_translate_keys":["label"]},{"label":"Advertising flag","value":"reklaamlipp","selected":false,"image":"https:\/\/www.tentest.ee\/wp-content\/uploads\/2023\/04\/reklaamlipud.jpg","thumb":"https:\/\/www.tentest.ee\/wp-content\/uploads\/2023\/04\/reklaamlipud-150x150.jpg","tempId":"aco_4652","image_id":12259,"thumb_src":"https:\/\/www.tentest.ee\/wp-content\/uploads\/2023\/04\/reklaamlipud-146x146.jpg","gt_translate_keys":["label"]},{"label":"Mosquito net","value":"S\u00e4\u00e4sev\u00f5rk","selected":false,"image":"https:\/\/www.tentest.ee\/wp-content\/uploads\/2023\/04\/saasevorksein.jpg","thumb":"https:\/\/www.tentest.ee\/wp-content\/uploads\/2023\/04\/saasevorksein-150x150.jpg","tempId":"aco_4952","image_id":12278,"thumb_src":"https:\/\/www.tentest.ee\/wp-content\/uploads\/2023\/04\/saasevorksein-146x146.jpg","gt_translate_keys":["label"]},{"label":"Mosquito net with door","value":"S\u00e4\u00e4sev\u00f5rk uksega","selected":false,"image":"https:\/\/www.tentest.ee\/wp-content\/uploads\/2023\/04\/saasevorksein.jpg","thumb":"https:\/\/www.tentest.ee\/wp-content\/uploads\/2023\/04\/saasevorksein-150x150.jpg","tempId":"aco_5200","image_id":12278,"thumb_src":"https:\/\/www.tentest.ee\/wp-content\/uploads\/2023\/04\/saasevorksein-146x146.jpg","gt_translate_keys":["label"]},{"label":"Half wall","value":"poolsein","selected":false,"image":"https:\/\/www.tentest.ee\/wp-content\/uploads\/2023\/04\/poolsein.jpg","thumb":"https:\/\/www.tentest.ee\/wp-content\/uploads\/2023\/04\/poolsein-150x150.jpg","tempId":"aco_5682","image_id":12255,"thumb_src":"https:\/\/www.tentest.ee\/wp-content\/uploads\/2023\/04\/poolsein-146x146.jpg","gt_translate_keys":["label"]},{"label":"Tents connector","value":"klamber","selected":false,"image":"https:\/\/www.tentest.ee\/wp-content\/uploads\/2023\/04\/telgikinnituse-klamber.jpg","thumb":"https:\/\/www.tentest.ee\/wp-content\/uploads\/2023\/04\/telgikinnituse-klamber-150x150.jpg","tempId":"aco_5982","image_id":12251,"thumb_src":"https:\/\/www.tentest.ee\/wp-content\/uploads\/2023\/04\/telgikinnituse-klamber-146x146.jpg","gt_translate_keys":["label"]},{"label":"Transport box for weights","value":"transpordikast","selected":false,"image":"https:\/\/www.tentest.ee\/wp-content\/uploads\/2023\/04\/telgiraskuste-transpordikast-ratastel.jpg","thumb":"https:\/\/www.tentest.ee\/wp-content\/uploads\/2023\/04\/telgiraskuste-transpordikast-ratastel-150x150.jpg","tempId":"aco_6256","image_id":12274,"thumb_src":"https:\/\/www.tentest.ee\/wp-content\/uploads\/2023\/04\/telgiraskuste-transpordikast-ratastel-146x146.jpg","gt_translate_keys":["label"]},{"label":"Rainwater gutter","value":"veerenn","selected":false,"image":"https:\/\/www.tentest.ee\/wp-content\/uploads\/2023\/04\/vihmaveerenn.jpg","thumb":"https:\/\/www.tentest.ee\/wp-content\/uploads\/2023\/04\/vihmaveerenn-150x150.jpg","tempId":"aco_6634","image_id":12268,"thumb_src":"https:\/\/www.tentest.ee\/wp-content\/uploads\/2023\/04\/vihmaveerenn-146x146.jpg","gt_translate_keys":["label"]},{"label":"Advertising wall","value":"reklaamriiul","selected":false,"image":"https:\/\/www.tentest.ee\/wp-content\/uploads\/2023\/05\/kokkupandav-riiul.jpg","thumb":"https:\/\/www.tentest.ee\/wp-content\/uploads\/2023\/05\/kokkupandav-riiul-150x150.jpg","tempId":"aco_6895","image_id":12419,"thumb_src":"https:\/\/www.tentest.ee\/wp-content\/uploads\/2023\/05\/kokkupandav-riiul-146x146.jpg","gt_translate_keys":["label"]},{"label":"Heater","value":"infrapunasoojendi","selected":false,"image":"https:\/\/www.tentest.ee\/wp-content\/uploads\/2023\/11\/infrapunasoojendi-pop-up-telki.jpg","thumb":"https:\/\/www.tentest.ee\/wp-content\/uploads\/2023\/11\/infrapunasoojendi-pop-up-telki-500x500.jpg","tempId":"aco_697","image_id":16186,"thumb_src":"https:\/\/www.tentest.ee\/wp-content\/uploads\/2023\/11\/infrapunasoojendi-pop-up-telki-146x146.jpg","gt_translate_keys":["label"]}],"disp_size_img":{"width":"100","height":"100"},"error":false,"img_preview":true,"img_preview_disable_mobile":true,"enable_quantity":true,"quantity_label":"Kogus","enableClearSelection":false,"hideImageIn_cart":true,"hideImageIn_order":true,"hideImageIn_email":true,"gt_translate_keys":["label","quantity_label"],"price_dependency":false,"cl_dependency":false,"value":""}]]}},"config":{"price_override":"","enable_recaptcha":false,"bind_quantity":false,"quantity_bind_formula":"","disp_summ_show_option_price":false,"disp_summ_show_product_price":false,"disp_summ_show_total_price":false,"disp_summ_show_fee":false,"disp_summ_show_discount":false,"summary_title":"","options_total_label":"Lisavalik","total_label":"Kokku","options_product_label":"Hind","fee_label":"Fee","discount_label":"Discount","has_price":true},"mc_unit":1,"tax_rate":1,"discount":{"percentage":0,"fixed":0},"design":{"conf":{"LabelPosition":"above","DescPosition":"above","UploadField":"custom_1","QuantityFieldStyle":"default"},"css":{"LeftLabelWidth":"120px"}},"formulas":[],"clones":false,"cartKey":false}},"_links":{"self":[{"href":"https:\/\/www.tentest.ee\/en\/wp-json\/wp\/v2\/product\/11084","targetHints":{"allow":["GET"]}}],"collection":[{"href":"https:\/\/www.tentest.ee\/en\/wp-json\/wp\/v2\/product"}],"about":[{"href":"https:\/\/www.tentest.ee\/en\/wp-json\/wp\/v2\/types\/product"}],"wp:featuredmedia":[{"embeddable":true,"href":"https:\/\/www.tentest.ee\/en\/wp-json\/wp\/v2\/media\/17727"}],"wp:attachment":[{"href":"https:\/\/www.tentest.ee\/en\/wp-json\/wp\/v2\/media?parent=11084"}],"wp:term":[{"taxonomy":"product_brand","embeddable":true,"href":"https:\/\/www.tentest.ee\/en\/wp-json\/wp\/v2\/product_brand?post=11084"},{"taxonomy":"product_cat","embeddable":true,"href":"https:\/\/www.tentest.ee\/en\/wp-json\/wp\/v2\/product_cat?post=11084"},{"taxonomy":"product_tag","embeddable":true,"href":"https:\/\/www.tentest.ee\/en\/wp-json\/wp\/v2\/product_tag?post=11084"}],"curies":[{"name":"wp","href":"https:\/\/api.w.org\/{rel}","templated":true}]}}