{"id":27024,"date":"2026-04-16T06:16:16","date_gmt":"2026-04-16T06:16:16","guid":{"rendered":"https:\/\/www.tentest.ee\/maaratlemata\/pop-up-tent-scandipro-50-magnesium\/"},"modified":"2026-04-29T06:16:08","modified_gmt":"2026-04-29T06:16:08","slug":"pop-up-tent-scandipro-50-magnesium","status":"publish","type":"product","link":"https:\/\/www.tentest.ee\/en\/reklaam-ja-muugitelgid\/pop-up-tent-scandipro-50-magnesium\/","title":{"rendered":"Pop Up tent Scandipro 50 Magnesium"},"content":{"rendered":"<p><strong>As an additional service, custom printing can be applied to the tent fabric.<\/strong><\/p>\n<p><strong>Frame<\/strong>: hexagonal reinforced anodized 50 mm magnesium profile with 1.8 mm wall thickness; frame height is adjustable<br \/>\n50x50x1.8 mm outer legs, 45x45x1.8 mm inner legs &#8211; external fixing bolts are covered with plastic caps to prevent canopy wear from friction<br \/>\n<strong>Frame joints:<\/strong> all joints are made from break- and stretch-resistant nylon alloy<br \/>\n<strong>Tent canopy:<\/strong> hard-to-ignite, water- and UV-resistant PU-coated polyester fabric<br \/>\n<strong>Carry bag:<\/strong> reinforced construction, with wheels and carrying straps<br \/>\n<strong>Setup time:<\/strong> depends on tent size, but generally no more than five minutes<br \/>\n<strong>Accessories<\/strong>: different types of mesh walls, walls with windows, awning, counter, rain gutters, connector clamps, and joining strips for combining multiple tents<\/p>\n","protected":false},"excerpt":{"rendered":"<ul>\n<li><strong>NEW pop-up tent with magnesium frame!<\/strong><\/li>\n<li>Frame color: <strong>dark grey.<\/strong><\/li>\n<li><strong>The magnesium frame is lighter than an aluminum-profile tent, while offering the same strength.<\/strong><\/li>\n<li>Lightweight and easy-to-install folding pop-up tent <strong>for outdoor events, traders, companies as a sales tent, and home users.<\/strong><\/li>\n<li>Available with canopies in different color tones.<\/li>\n<li>Frame, roof, four walls, fastening accessory kit, and wheeled carry bag.<\/li>\n<li>The tent frame uses a <strong>hexagonal 50 mm anodized magnesium profile with very high corrosion resistance.<\/strong><\/li>\n<li>The tent roof and walls are made from PVC-coated polyester fabric that is durable, hard to ignite, and resistant to water and UV.<\/li>\n<\/ul>\n","protected":false},"featured_media":27082,"template":"","meta":{"_acf_changed":false},"product_brand":[],"product_cat":[610,17],"product_tag":[],"class_list":{"0":"post-27024","1":"product","2":"type-product","3":"status-publish","4":"has-post-thumbnail","6":"product_cat-reklaam-ja-muugitelgid","7":"product_cat-pop-up-telgid","9":"first","10":"instock","11":"shipping-taxable","12":"purchasable","13":"product-type-variable","14":"has-default-attributes","15":"rtwpvg-product"},"acf":[],"yoast_head":"<!-- This site is optimized with the Yoast SEO plugin v26.8 - https:\/\/yoast.com\/product\/yoast-seo-wordpress\/ -->\n<title>Pop Up telk Scandipro 50 - K\u00f5ige tugevama raamiga Pop Up telk<\/title>\n<meta name=\"description\" content=\"Scandipro Pop Up telki k\u00f5ige tugevam mudel turul! Parimad hinnad ja suurim valik koos lisavarustusega leiad Tentestist! Tule vaatama l\u00e4hemalt.\" \/>\n<meta name=\"robots\" content=\"index, follow, max-snippet:-1, max-image-preview:large, max-video-preview:-1\" \/>\n<link rel=\"canonical\" href=\"https:\/\/www.tentest.ee\/en\/reklaam-ja-muugitelgid\/pop-up-tent-scandipro-50-magnesium\/\" \/>\n<meta property=\"og:locale\" content=\"en_US\" \/>\n<meta property=\"og:type\" content=\"article\" \/>\n<meta property=\"og:title\" content=\"Pop Up telk Scandipro 50 - K\u00f5ige tugevama raamiga Pop Up telk\" \/>\n<meta property=\"og:description\" content=\"Scandipro Pop Up telki k\u00f5ige tugevam mudel turul! Parimad hinnad ja suurim valik koos lisavarustusega leiad Tentestist! Tule vaatama l\u00e4hemalt.\" \/>\n<meta property=\"og:url\" content=\"https:\/\/www.tentest.ee\/en\/reklaam-ja-muugitelgid\/pop-up-tent-scandipro-50-magnesium\/\" \/>\n<meta property=\"og:site_name\" content=\"Tentest Trade O\u00dc\" \/>\n<meta property=\"article:modified_time\" content=\"2026-04-29T06:16:08+00:00\" \/>\n<meta property=\"og:image\" content=\"https:\/\/www.tentest.ee\/wp-content\/uploads\/2023\/03\/pop-up-telgid-tentest-easy-up-telgid-1.jpg\" \/>\n\t<meta property=\"og:image:width\" content=\"1800\" \/>\n\t<meta property=\"og:image:height\" content=\"1013\" \/>\n\t<meta property=\"og:image:type\" content=\"image\/jpeg\" \/>\n<meta name=\"twitter:card\" content=\"summary_large_image\" \/>\n<meta name=\"twitter:label1\" content=\"Est. reading time\" \/>\n\t<meta name=\"twitter:data1\" content=\"1 minute\" \/>\n<!-- \/ Yoast SEO plugin. -->","yoast_head_json":{"title":"Pop Up telk Scandipro 50 - K\u00f5ige tugevama raamiga Pop Up telk","description":"Scandipro Pop Up telki k\u00f5ige tugevam mudel turul! Parimad hinnad ja suurim valik koos lisavarustusega leiad Tentestist! Tule vaatama l\u00e4hemalt.","robots":{"index":"index","follow":"follow","max-snippet":"max-snippet:-1","max-image-preview":"max-image-preview:large","max-video-preview":"max-video-preview:-1"},"canonical":"https:\/\/www.tentest.ee\/en\/reklaam-ja-muugitelgid\/pop-up-tent-scandipro-50-magnesium\/","og_locale":"en_US","og_type":"article","og_title":"Pop Up telk Scandipro 50 - K\u00f5ige tugevama raamiga Pop Up telk","og_description":"Scandipro Pop Up telki k\u00f5ige tugevam mudel turul! Parimad hinnad ja suurim valik koos lisavarustusega leiad Tentestist! Tule vaatama l\u00e4hemalt.","og_url":"https:\/\/www.tentest.ee\/en\/reklaam-ja-muugitelgid\/pop-up-tent-scandipro-50-magnesium\/","og_site_name":"Tentest Trade O\u00dc","article_modified_time":"2026-04-29T06:16:08+00:00","og_image":[{"width":1800,"height":1013,"url":"https:\/\/www.tentest.ee\/wp-content\/uploads\/2023\/03\/pop-up-telgid-tentest-easy-up-telgid-1.jpg","type":"image\/jpeg"}],"twitter_card":"summary_large_image","twitter_misc":{"Est. reading time":"1 minute"},"schema":{"@context":"https:\/\/schema.org","@graph":[{"@type":"WebPage","@id":"https:\/\/www.tentest.ee\/en\/reklaam-ja-muugitelgid\/pop-up-tent-scandipro-50-magnesium\/","url":"https:\/\/www.tentest.ee\/en\/reklaam-ja-muugitelgid\/pop-up-tent-scandipro-50-magnesium\/","name":"Pop Up telk Scandipro 50 - K\u00f5ige tugevama raamiga Pop Up telk","isPartOf":{"@id":"https:\/\/www.tentest.ee\/en\/#website"},"primaryImageOfPage":{"@id":"https:\/\/www.tentest.ee\/en\/reklaam-ja-muugitelgid\/pop-up-tent-scandipro-50-magnesium\/#primaryimage"},"image":{"@id":"https:\/\/www.tentest.ee\/en\/reklaam-ja-muugitelgid\/pop-up-tent-scandipro-50-magnesium\/#primaryimage"},"thumbnailUrl":"https:\/\/www.tentest.ee\/wp-content\/uploads\/2026\/04\/pop-up-telk-magneesium-raam-1-2.png","datePublished":"2026-04-16T06:16:16+00:00","dateModified":"2026-04-29T06:16:08+00:00","description":"Scandipro Pop Up telki k\u00f5ige tugevam mudel turul! Parimad hinnad ja suurim valik koos lisavarustusega leiad Tentestist! Tule vaatama l\u00e4hemalt.","breadcrumb":{"@id":"https:\/\/www.tentest.ee\/en\/reklaam-ja-muugitelgid\/pop-up-tent-scandipro-50-magnesium\/#breadcrumb"},"inLanguage":"en-US","potentialAction":[{"@type":"ReadAction","target":["https:\/\/www.tentest.ee\/en\/reklaam-ja-muugitelgid\/pop-up-tent-scandipro-50-magnesium\/"]}]},{"@type":"ImageObject","inLanguage":"en-US","@id":"https:\/\/www.tentest.ee\/en\/reklaam-ja-muugitelgid\/pop-up-tent-scandipro-50-magnesium\/#primaryimage","url":"https:\/\/www.tentest.ee\/wp-content\/uploads\/2026\/04\/pop-up-telk-magneesium-raam-1-2.png","contentUrl":"https:\/\/www.tentest.ee\/wp-content\/uploads\/2026\/04\/pop-up-telk-magneesium-raam-1-2.png","width":2048,"height":2048},{"@type":"BreadcrumbList","@id":"https:\/\/www.tentest.ee\/en\/reklaam-ja-muugitelgid\/pop-up-tent-scandipro-50-magnesium\/#breadcrumb","itemListElement":[{"@type":"ListItem","position":1,"name":"Products","item":"https:\/\/www.tentest.ee\/products\/"},{"@type":"ListItem","position":2,"name":"Pop Up tent Scandipro 50 Magnesium"}]},{"@type":"WebSite","@id":"https:\/\/www.tentest.ee\/en\/#website","url":"https:\/\/www.tentest.ee\/en\/","name":"Tentest Trade O\u00dc","description":"","publisher":{"@id":"https:\/\/www.tentest.ee\/en\/#organization"},"potentialAction":[{"@type":"SearchAction","target":{"@type":"EntryPoint","urlTemplate":"https:\/\/www.tentest.ee\/en\/?s={search_term_string}"},"query-input":{"@type":"PropertyValueSpecification","valueRequired":true,"valueName":"search_term_string"}}],"inLanguage":"en-US"},{"@type":"Organization","@id":"https:\/\/www.tentest.ee\/en\/#organization","name":"Tentest Trade O\u00dc","url":"https:\/\/www.tentest.ee\/en\/","logo":{"@type":"ImageObject","inLanguage":"en-US","@id":"https:\/\/www.tentest.ee\/en\/#\/schema\/logo\/image\/","url":"https:\/\/www.tentest.ee\/wp-content\/uploads\/2023\/02\/tentest-ikoon-512x512-hall.png","contentUrl":"https:\/\/www.tentest.ee\/wp-content\/uploads\/2023\/02\/tentest-ikoon-512x512-hall.png","width":512,"height":512,"caption":"Tentest Trade O\u00dc"},"image":{"@id":"https:\/\/www.tentest.ee\/en\/#\/schema\/logo\/image\/"}}]}},"_links":{"self":[{"href":"https:\/\/www.tentest.ee\/en\/wp-json\/wp\/v2\/product\/27024","targetHints":{"allow":["GET"]}}],"collection":[{"href":"https:\/\/www.tentest.ee\/en\/wp-json\/wp\/v2\/product"}],"about":[{"href":"https:\/\/www.tentest.ee\/en\/wp-json\/wp\/v2\/types\/product"}],"wp:featuredmedia":[{"embeddable":true,"href":"https:\/\/www.tentest.ee\/en\/wp-json\/wp\/v2\/media\/27082"}],"wp:attachment":[{"href":"https:\/\/www.tentest.ee\/en\/wp-json\/wp\/v2\/media?parent=27024"}],"wp:term":[{"taxonomy":"product_brand","embeddable":true,"href":"https:\/\/www.tentest.ee\/en\/wp-json\/wp\/v2\/product_brand?post=27024"},{"taxonomy":"product_cat","embeddable":true,"href":"https:\/\/www.tentest.ee\/en\/wp-json\/wp\/v2\/product_cat?post=27024"},{"taxonomy":"product_tag","embeddable":true,"href":"https:\/\/www.tentest.ee\/en\/wp-json\/wp\/v2\/product_tag?post=27024"}],"curies":[{"name":"wp","href":"https:\/\/api.w.org\/{rel}","templated":true}]}}